{"id":8,"date":"2025-11-19T11:59:50","date_gmt":"2025-11-19T11:59:50","guid":{"rendered":"https:\/\/9tere3.rkinformatika.online\/?page_id=8"},"modified":"2025-11-20T15:06:48","modified_gmt":"2025-11-20T15:06:48","slug":"inicio","status":"publish","type":"page","link":"https:\/\/9tere3.com\/eu\/","title":{"rendered":"Hasiera"},"content":{"rendered":"<div data-elementor-type=\"wp-page\" data-elementor-id=\"8\" class=\"elementor elementor-8\" data-elementor-post-type=\"page\">\n\t\t\t\t<div class=\"elementor-element elementor-element-bd5b715 e-con-full e-flex e-con e-parent\" data-id=\"bd5b715\" data-element_type=\"container\" data-e-type=\"container\" data-settings=\"{&quot;background_background&quot;:&quot;classic&quot;}\">\n\t\t<div class=\"elementor-element elementor-element-ea4bb6a e-flex e-con-boxed e-con e-child\" data-id=\"ea4bb6a\" data-element_type=\"container\" data-e-type=\"container\" data-settings=\"{&quot;background_background&quot;:&quot;classic&quot;}\">\n\t\t\t\t\t<div class=\"e-con-inner\">\n\t\t\t\t<div class=\"elementor-element elementor-element-dd0e691 elementor-invisible elementor-widget elementor-widget-heading\" data-id=\"dd0e691\" data-element_type=\"widget\" data-e-type=\"widget\" data-settings=\"{&quot;_animation&quot;:&quot;fadeInDown&quot;}\" data-widget_type=\"heading.default\">\n\t\t\t\t\t<h2 class=\"elementor-heading-title elementor-size-default\">Inspiratzen duen estiloa.<\/h2>\t\t\t\t<\/div>\n\t\t\t\t\t<\/div>\n\t\t\t\t<\/div>\n\t\t<div class=\"elementor-element elementor-element-42c5fde e-flex e-con-boxed e-con e-child\" data-id=\"42c5fde\" data-element_type=\"container\" data-e-type=\"container\" data-settings=\"{&quot;background_background&quot;:&quot;classic&quot;}\">\n\t\t\t\t\t<div class=\"e-con-inner\">\n\t\t<div class=\"elementor-element elementor-element-d12b11f e-con-full e-flex e-con e-child\" data-id=\"d12b11f\" data-element_type=\"container\" data-e-type=\"container\" data-settings=\"{&quot;background_background&quot;:&quot;classic&quot;}\">\n\t\t\t\t<div class=\"elementor-element elementor-element-8c8b063 elementor-widget elementor-widget-heading\" data-id=\"8c8b063\" data-element_type=\"widget\" data-e-type=\"widget\" data-widget_type=\"heading.default\">\n\t\t\t\t\t<h2 class=\"elementor-heading-title elementor-size-default\">Guri Buruz<\/h2>\t\t\t\t<\/div>\n\t\t\t\t<div class=\"elementor-element elementor-element-fecb3d4 elementor-widget elementor-widget-text-editor\" data-id=\"fecb3d4\" data-element_type=\"widget\" data-e-type=\"widget\" data-widget_type=\"text-editor.default\">\n\t\t\t\t\t\t\t\t\t<p>Urteak daramatzagu edertasunaren eta ilearen zaintzaren munduan, eta ahaleginarekin, dedikazioarekin eta egiten dugunarekiko maitasun handiarekin, gure ametsa errealitate bihurtzea lortu dugu.<\/p><p>Denbora horretan, teknika bakoitza hazi, ikasi eta hobetu dugu, betiere gure bezeroei zerbitzu profesional, hurbil eta pertsonalizatua eskaintzeko ilusioarekin. Gure helburua da gure eskuetatik pasatzen den pertsona bakoitza berezia sentitzea eta irribarre batekin irtetea.<\/p>\t\t\t\t\t\t\t\t<\/div>\n\t\t\t\t<div class=\"elementor-element elementor-element-ad381bb elementor-widget elementor-widget-button\" data-id=\"ad381bb\" data-element_type=\"widget\" data-e-type=\"widget\" data-widget_type=\"button.default\">\n\t\t\t\t\t\t\t\t\t\t<a class=\"elementor-button elementor-button-link elementor-size-sm\" href=\"https:\/\/9tere3.com\/eu\/servicios\/\">\n\t\t\t\t\t\t<span class=\"elementor-button-content-wrapper\">\n\t\t\t\t\t\t\t\t\t<span class=\"elementor-button-text\">Zerbitzuak<\/span>\n\t\t\t\t\t<\/span>\n\t\t\t\t\t<\/a>\n\t\t\t\t\t\t\t\t<\/div>\n\t\t\t\t<\/div>\n\t\t\t\t\t<\/div>\n\t\t\t\t<\/div>\n\t\t\t\t<\/div>\n\t\t\t\t<\/div>","protected":false},"excerpt":{"rendered":"<p>Estilo que inspira. Sobre Nosotros Llevamos a\u00f1os dedic\u00e1ndonos al mundo de la belleza y el cuidado del cabello, y con esfuerzo, dedicaci\u00f3n y mucho amor por lo que hacemos, hemos logrado convertir nuestro sue\u00f1o en una realidad. Durante este tiempo hemos crecido, aprendido y perfeccionado cada t\u00e9cnica, siempre con la ilusi\u00f3n de ofrecer a nuestras [&hellip;]<\/p>\n","protected":false},"author":1,"featured_media":0,"parent":0,"menu_order":0,"comment_status":"closed","ping_status":"closed","template":"elementor_canvas","meta":{"footnotes":""},"class_list":["post-8","page","type-page","status-publish","hentry"],"yoast_head":"<!-- This site is optimized with the Yoast SEO plugin v27.3 - https:\/\/yoast.com\/product\/yoast-seo-wordpress\/ -->\n<title>Inicio - 9tere3<\/title>\n<meta name=\"robots\" content=\"index, follow, max-snippet:-1, max-image-preview:large, max-video-preview:-1\" \/>\n<link rel=\"canonical\" href=\"https:\/\/9tere3.com\/eu\/\" \/>\n<meta property=\"og:locale\" content=\"en_US\" \/>\n<meta property=\"og:type\" content=\"article\" \/>\n<meta property=\"og:title\" content=\"Inicio - 9tere3\" \/>\n<meta property=\"og:description\" content=\"Estilo que inspira. Sobre Nosotros Llevamos a\u00f1os dedic\u00e1ndonos al mundo de la belleza y el cuidado del cabello, y con esfuerzo, dedicaci\u00f3n y mucho amor por lo que hacemos, hemos logrado convertir nuestro sue\u00f1o en una realidad. Durante este tiempo hemos crecido, aprendido y perfeccionado cada t\u00e9cnica, siempre con la ilusi\u00f3n de ofrecer a nuestras [&hellip;]\" \/>\n<meta property=\"og:url\" content=\"https:\/\/9tere3.com\/eu\/\" \/>\n<meta property=\"og:site_name\" content=\"9tere3\" \/>\n<meta property=\"article:modified_time\" content=\"2025-11-20T15:06:48+00:00\" \/>\n<meta name=\"twitter:card\" content=\"summary_large_image\" \/>\n<meta name=\"twitter:label1\" content=\"Est. reading time\" \/>\n\t<meta name=\"twitter:data1\" content=\"1 minutua\" \/>\n<script type=\"application\/ld+json\" class=\"yoast-schema-graph\">{\"@context\":\"https:\\\/\\\/schema.org\",\"@graph\":[{\"@type\":\"WebPage\",\"@id\":\"https:\\\/\\\/9tere3.com\\\/\",\"url\":\"https:\\\/\\\/9tere3.com\\\/\",\"name\":\"Inicio - 9tere3\",\"isPartOf\":{\"@id\":\"https:\\\/\\\/9tere3.com\\\/#website\"},\"datePublished\":\"2025-11-19T11:59:50+00:00\",\"dateModified\":\"2025-11-20T15:06:48+00:00\",\"breadcrumb\":{\"@id\":\"https:\\\/\\\/9tere3.com\\\/#breadcrumb\"},\"inLanguage\":\"eu\",\"potentialAction\":[{\"@type\":\"ReadAction\",\"target\":[\"https:\\\/\\\/9tere3.com\\\/\"]}]},{\"@type\":\"BreadcrumbList\",\"@id\":\"https:\\\/\\\/9tere3.com\\\/#breadcrumb\",\"itemListElement\":[{\"@type\":\"ListItem\",\"position\":1,\"name\":\"Portada\",\"item\":\"https:\\\/\\\/9tere3.com\\\/\"},{\"@type\":\"ListItem\",\"position\":2,\"name\":\"Inicio\"}]},{\"@type\":\"WebSite\",\"@id\":\"https:\\\/\\\/9tere3.com\\\/#website\",\"url\":\"https:\\\/\\\/9tere3.com\\\/\",\"name\":\"9tere3\",\"description\":\"Peluquer\u00eda\",\"publisher\":{\"@id\":\"https:\\\/\\\/9tere3.com\\\/#organization\"},\"potentialAction\":[{\"@type\":\"SearchAction\",\"target\":{\"@type\":\"EntryPoint\",\"urlTemplate\":\"https:\\\/\\\/9tere3.com\\\/?s={search_term_string}\"},\"query-input\":{\"@type\":\"PropertyValueSpecification\",\"valueRequired\":true,\"valueName\":\"search_term_string\"}}],\"inLanguage\":\"eu\"},{\"@type\":\"Organization\",\"@id\":\"https:\\\/\\\/9tere3.com\\\/#organization\",\"name\":\"9tere3\",\"url\":\"https:\\\/\\\/9tere3.com\\\/\",\"logo\":{\"@type\":\"ImageObject\",\"inLanguage\":\"eu\",\"@id\":\"https:\\\/\\\/9tere3.com\\\/#\\\/schema\\\/logo\\\/image\\\/\",\"url\":\"https:\\\/\\\/9tere3.com\\\/wp-content\\\/uploads\\\/2025\\\/11\\\/cropped-jessicasanchezteresavera202511_logo_web.png\",\"contentUrl\":\"https:\\\/\\\/9tere3.com\\\/wp-content\\\/uploads\\\/2025\\\/11\\\/cropped-jessicasanchezteresavera202511_logo_web.png\",\"width\":1080,\"height\":1080,\"caption\":\"9tere3\"},\"image\":{\"@id\":\"https:\\\/\\\/9tere3.com\\\/#\\\/schema\\\/logo\\\/image\\\/\"}}]}<\/script>\n<!-- \/ Yoast SEO plugin. -->","yoast_head_json":{"title":"Inicio - 9tere3","robots":{"index":"index","follow":"follow","max-snippet":"max-snippet:-1","max-image-preview":"max-image-preview:large","max-video-preview":"max-video-preview:-1"},"canonical":"https:\/\/9tere3.com\/eu\/","og_locale":"en_US","og_type":"article","og_title":"Inicio - 9tere3","og_description":"Estilo que inspira. Sobre Nosotros Llevamos a\u00f1os dedic\u00e1ndonos al mundo de la belleza y el cuidado del cabello, y con esfuerzo, dedicaci\u00f3n y mucho amor por lo que hacemos, hemos logrado convertir nuestro sue\u00f1o en una realidad. Durante este tiempo hemos crecido, aprendido y perfeccionado cada t\u00e9cnica, siempre con la ilusi\u00f3n de ofrecer a nuestras [&hellip;]","og_url":"https:\/\/9tere3.com\/eu\/","og_site_name":"9tere3","article_modified_time":"2025-11-20T15:06:48+00:00","twitter_card":"summary_large_image","twitter_misc":{"Est. reading time":"1 minutua"},"schema":{"@context":"https:\/\/schema.org","@graph":[{"@type":"WebPage","@id":"https:\/\/9tere3.com\/","url":"https:\/\/9tere3.com\/","name":"Inicio - 9tere3","isPartOf":{"@id":"https:\/\/9tere3.com\/#website"},"datePublished":"2025-11-19T11:59:50+00:00","dateModified":"2025-11-20T15:06:48+00:00","breadcrumb":{"@id":"https:\/\/9tere3.com\/#breadcrumb"},"inLanguage":"eu","potentialAction":[{"@type":"ReadAction","target":["https:\/\/9tere3.com\/"]}]},{"@type":"BreadcrumbList","@id":"https:\/\/9tere3.com\/#breadcrumb","itemListElement":[{"@type":"ListItem","position":1,"name":"Portada","item":"https:\/\/9tere3.com\/"},{"@type":"ListItem","position":2,"name":"Inicio"}]},{"@type":"WebSite","@id":"https:\/\/9tere3.com\/#website","url":"https:\/\/9tere3.com\/","name":"9tere3","description":"Peluquer\u00eda","publisher":{"@id":"https:\/\/9tere3.com\/#organization"},"potentialAction":[{"@type":"SearchAction","target":{"@type":"EntryPoint","urlTemplate":"https:\/\/9tere3.com\/?s={search_term_string}"},"query-input":{"@type":"PropertyValueSpecification","valueRequired":true,"valueName":"search_term_string"}}],"inLanguage":"eu"},{"@type":"Organization","@id":"https:\/\/9tere3.com\/#organization","name":"9tere3","url":"https:\/\/9tere3.com\/","logo":{"@type":"ImageObject","inLanguage":"eu","@id":"https:\/\/9tere3.com\/#\/schema\/logo\/image\/","url":"https:\/\/9tere3.com\/wp-content\/uploads\/2025\/11\/cropped-jessicasanchezteresavera202511_logo_web.png","contentUrl":"https:\/\/9tere3.com\/wp-content\/uploads\/2025\/11\/cropped-jessicasanchezteresavera202511_logo_web.png","width":1080,"height":1080,"caption":"9tere3"},"image":{"@id":"https:\/\/9tere3.com\/#\/schema\/logo\/image\/"}}]}},"_links":{"self":[{"href":"https:\/\/9tere3.com\/eu\/wp-json\/wp\/v2\/pages\/8","targetHints":{"allow":["GET"]}}],"collection":[{"href":"https:\/\/9tere3.com\/eu\/wp-json\/wp\/v2\/pages"}],"about":[{"href":"https:\/\/9tere3.com\/eu\/wp-json\/wp\/v2\/types\/page"}],"author":[{"embeddable":true,"href":"https:\/\/9tere3.com\/eu\/wp-json\/wp\/v2\/users\/1"}],"replies":[{"embeddable":true,"href":"https:\/\/9tere3.com\/eu\/wp-json\/wp\/v2\/comments?post=8"}],"version-history":[{"count":25,"href":"https:\/\/9tere3.com\/eu\/wp-json\/wp\/v2\/pages\/8\/revisions"}],"predecessor-version":[{"id":164,"href":"https:\/\/9tere3.com\/eu\/wp-json\/wp\/v2\/pages\/8\/revisions\/164"}],"wp:attachment":[{"href":"https:\/\/9tere3.com\/eu\/wp-json\/wp\/v2\/media?parent=8"}],"curies":[{"name":"wp","href":"https:\/\/api.w.org\/{rel}","templated":true}]}}